{"id":2,"date":"2010-02-02T14:07:02","date_gmt":"2010-02-02T14:07:02","guid":{"rendered":"http:\/\/www.die-transporteure-siegen.de\/?page_id=2"},"modified":"2015-03-03T15:37:52","modified_gmt":"2015-03-03T14:37:52","slug":"eine-seite","status":"publish","type":"page","link":"https:\/\/www.die-transporteure-siegen.de\/","title":{"rendered":"Herzlich Willkommen"},"content":{"rendered":"<p>Willkommen auf der Website des Vereins DIE TRANSPORTEURE &#8211; Hilfe f\u00fcr Menschen in Not e.V.<\/p>\n<p>Wir stellen hier uns und unsere\u00a0Arbeit vor. Wir freuen uns, wenn wir Sie ebenfalls begeistern k\u00f6nnen. Es gibt viele M\u00f6glichkeiten uns zu unterst\u00fctzen. St\u00f6bern Sie in unseren Projekten.<\/p>\n<p>Alles dient der Hilfe f\u00fcr Menschen in Not in Rum\u00e4nien. Hilfe zur Selbsthilfe. Wir m\u00f6chten iniziieren, unterst\u00fctzen, beraten und helfen.<\/p>\n<p>Kleine Chancen in einem Land, in dem sich bereits viel getan hat.<\/p>\n","protected":false},"excerpt":{"rendered":"<p>Willkommen auf der Website des Vereins DIE TRANSPORTEURE &#8211; Hilfe f\u00fcr Menschen in Not e.V. Wir stellen hier uns und unsere\u00a0Arbeit vor. Wir freuen uns, wenn wir Sie ebenfalls begeistern k\u00f6nnen. Es gibt viele M\u00f6glichkeiten uns zu unterst\u00fctzen. St\u00f6bern Sie in unseren Projekten. Alles dient der Hilfe f\u00fcr Menschen in Not in Rum\u00e4nien. Hilfe zur [&hellip;]<\/p>\n","protected":false},"author":1,"featured_media":0,"parent":0,"menu_order":1,"comment_status":"closed","ping_status":"closed","template":"","meta":{"footnotes":""},"class_list":["post-2","page","type-page","status-publish","hentry"],"_links":{"self":[{"href":"https:\/\/www.die-transporteure-siegen.de\/index.php?rest_route=\/wp\/v2\/pages\/2","targetHints":{"allow":["GET"]}}],"collection":[{"href":"https:\/\/www.die-transporteure-siegen.de\/index.php?rest_route=\/wp\/v2\/pages"}],"about":[{"href":"https:\/\/www.die-transporteure-siegen.de\/index.php?rest_route=\/wp\/v2\/types\/page"}],"author":[{"embeddable":true,"href":"https:\/\/www.die-transporteure-siegen.de\/index.php?rest_route=\/wp\/v2\/users\/1"}],"replies":[{"embeddable":true,"href":"https:\/\/www.die-transporteure-siegen.de\/index.php?rest_route=%2Fwp%2Fv2%2Fcomments&post=2"}],"version-history":[{"count":12,"href":"https:\/\/www.die-transporteure-siegen.de\/index.php?rest_route=\/wp\/v2\/pages\/2\/revisions"}],"predecessor-version":[{"id":229,"href":"https:\/\/www.die-transporteure-siegen.de\/index.php?rest_route=\/wp\/v2\/pages\/2\/revisions\/229"}],"wp:attachment":[{"href":"https:\/\/www.die-transporteure-siegen.de\/index.php?rest_route=%2Fwp%2Fv2%2Fmedia&parent=2"}],"curies":[{"name":"wp","href":"https:\/\/api.w.org\/{rel}","templated":true}]}}