{"id":242,"date":"2015-03-11T16:37:05","date_gmt":"2015-03-11T15:37:05","guid":{"rendered":"http:\/\/www.die-transporteure-siegen.de\/?page_id=242"},"modified":"2017-08-24T16:38:52","modified_gmt":"2017-08-24T15:38:52","slug":"berichte","status":"publish","type":"page","link":"https:\/\/www.die-transporteure-siegen.de\/?page_id=242","title":{"rendered":"Berichte"},"content":{"rendered":"<p>Nichts beschreibt die T\u00e4tigkeit der &#8222;Transporteure&#8220; besser als Berichte \u00fcber die Aktivit\u00e4ten in Rum\u00e4nien.<\/p>\n<p>Deshalb m\u00f6chten wir Ihnen an dieser Stelle regelm\u00e4\u00dfig &#8222;Berichte aus Rum\u00e4nien&#8220; ver\u00f6ffentlichen. Auch von unseren Reisen m\u00f6chten wir einen Eindruck vermitteln.<\/p>\n<p>Die Dankbriefe an unsere Spender werden wir hier ebenfalls zu Verf\u00fcgung stellen.<\/p>\n<p>Viel Spa\u00df beim St\u00f6bern!<\/p>\n<p>Ihre &#8222;Transporteure&#8220;<\/p>\n<ul>\n<li><a title=\"Dankbriefe an unsere Spender\" href=\"https:\/\/www.die-transporteure-siegen.de\/?cat=14\">zu den Dankbriefen<\/a><\/li>\n<\/ul>\n","protected":false},"excerpt":{"rendered":"<p>Nichts beschreibt die T\u00e4tigkeit der &#8222;Transporteure&#8220; besser als Berichte \u00fcber die Aktivit\u00e4ten in Rum\u00e4nien. Deshalb m\u00f6chten wir Ihnen an dieser Stelle regelm\u00e4\u00dfig &#8222;Berichte aus Rum\u00e4nien&#8220; ver\u00f6ffentlichen. Auch von unseren Reisen m\u00f6chten wir einen Eindruck vermitteln. Die Dankbriefe an unsere Spender werden wir hier ebenfalls zu Verf\u00fcgung stellen. Viel Spa\u00df beim St\u00f6bern! Ihre &#8222;Transporteure&#8220; zu den [&hellip;]<\/p>\n","protected":false},"author":2,"featured_media":0,"parent":0,"menu_order":0,"comment_status":"closed","ping_status":"closed","template":"","meta":{"footnotes":""},"class_list":["post-242","page","type-page","status-publish","hentry"],"_links":{"self":[{"href":"https:\/\/www.die-transporteure-siegen.de\/index.php?rest_route=\/wp\/v2\/pages\/242","targetHints":{"allow":["GET"]}}],"collection":[{"href":"https:\/\/www.die-transporteure-siegen.de\/index.php?rest_route=\/wp\/v2\/pages"}],"about":[{"href":"https:\/\/www.die-transporteure-siegen.de\/index.php?rest_route=\/wp\/v2\/types\/page"}],"author":[{"embeddable":true,"href":"https:\/\/www.die-transporteure-siegen.de\/index.php?rest_route=\/wp\/v2\/users\/2"}],"replies":[{"embeddable":true,"href":"https:\/\/www.die-transporteure-siegen.de\/index.php?rest_route=%2Fwp%2Fv2%2Fcomments&post=242"}],"version-history":[{"count":6,"href":"https:\/\/www.die-transporteure-siegen.de\/index.php?rest_route=\/wp\/v2\/pages\/242\/revisions"}],"predecessor-version":[{"id":408,"href":"https:\/\/www.die-transporteure-siegen.de\/index.php?rest_route=\/wp\/v2\/pages\/242\/revisions\/408"}],"wp:attachment":[{"href":"https:\/\/www.die-transporteure-siegen.de\/index.php?rest_route=%2Fwp%2Fv2%2Fmedia&parent=242"}],"curies":[{"name":"wp","href":"https:\/\/api.w.org\/{rel}","templated":true}]}}