{"id":462,"date":"2019-05-09T14:43:06","date_gmt":"2019-05-09T13:43:06","guid":{"rendered":"http:\/\/www.die-transporteure-siegen.de\/?page_id=462"},"modified":"2019-05-09T14:43:06","modified_gmt":"2019-05-09T13:43:06","slug":"rechtliche-hinweise","status":"publish","type":"page","link":"https:\/\/www.die-transporteure-siegen.de\/?page_id=462","title":{"rendered":"Rechtliche Hinweise"},"content":{"rendered":"\n<h2 class=\"wp-block-heading\"><\/h2>\n\n\n\n<p>Die Inhalte der Internet-Seiten des Vereins &#8222;Die Transporteure \u2013 Hilfe f\u00fcr Menschen in Not e.V.&#8220; sollen den Zugang der \u00d6ffentlichkeit zu Informationen und aktuellen Nachrichten des Vereins erleichtern und insbesondere den Vereinsmitgliedern die M\u00f6glichkeit geben, sich umfangreich \u00fcber den Verein &#8222;Die Transporteure \u2013 Hilfe f\u00fcr Menschen in Not e.V.&#8220; zu informieren. Auf die Richtigkeit, Aktualit\u00e4t, Vollst\u00e4ndigkeit, Verst\u00e4ndlichkeit und jederzeitige Verf\u00fcgbarkeit der bereitgestellten Informationen wird sorgf\u00e4ltig geachtet. <br><br>Dennoch sind folgende Einschr\u00e4nkungen zu machen:<br><br><strong>1. Inhalte anderweitiger Anbieter:<\/strong><br><br>Die auf diesen Seiten vorhandenen Links zu Inhalten von Internet-Seiten Dritter (&#8222;fremden Inhalten&#8220;) wurden durch die Verantwortlichen nach bestem Wissen und unter Beachtung gr\u00f6\u00dftm\u00f6glicher Sorgfalt erstellt und vermitteln lediglich den Zugang zu &#8222;fremden Inhalten&#8220;. Dabei wurde auf die Vertrauensw\u00fcrdigkeit dritter Anbieter und die Fehlerfreiheit sowie Rechtm\u00e4\u00dfigkeit der &#8222;fremden Inhalte&#8220; besonders geachtet. <br><br>Da jedoch der Inhalt von Internetseiten dynamisch ist und sich jederzeit \u00e4ndern kann, ist eine stetige Einzelfallpr\u00fcfung s\u00e4mtlicher Inhalte, auf die ein Link erstellt wurde, nicht in jedem Fall m\u00f6glich. Der Verein &#8222;Die Transporteure \u2013 Hilfe f\u00fcr Menschen in Not e.V.&#8220; macht sich deshalb den Inhalt von Internet-Seiten Dritter, die mit der eigenen Internetpr\u00e4senz verlinkt sind, insoweit ausdr\u00fccklich nicht zu eigen. F\u00fcr Sch\u00e4den aus der Nutzung oder Nichtnutzung &#8222;fremder Inhalte&#8220; haftet ausschlie\u00dflich der jeweilige Anbieter der Seite, auf die verwiesen wurde.<br><br><strong>2. Eigene Inhalte:<\/strong><br><br>F\u00fcr das bereitgestellte Informationsangebot gilt folgende Haftungsbeschr\u00e4nkung: Der Verein &#8222;Die Transporteure &#8211; Hilfe f\u00fcr Menschen in Not e.V.&#8220; haftet nicht f\u00fcr Sch\u00e4den, die durch die Nutzung oder Nichtnutzung angebotener Informationen entstehen. F\u00fcr etwaige Sch\u00e4den, die beim Aufrufen oder Herunterladen von Daten durch Computerviren oder der Installation oder Nutzung von Software verursacht werden, wird nicht gehaftet.<br><br><strong>3. Fehlermeldungen<\/strong><br><br>Die Redaktion bittet die Nutzer von www.die-transporteure-siegen.de, auf rechtswidrige oder fehlerhafte Inhalte Dritter, zu denen in der Internetpr\u00e4senz ein Link unterhalten wird, ggf. aufmerksam zu machen. Ebenso wird um eine Nachricht unter der angegebenen Kontaktadresse gebeten, wenn eigene Inhalte nicht fehlerfrei, aktuell, vollst\u00e4ndig und verst\u00e4ndlich sind.<br><br><strong>Urheberrecht<\/strong><br><br>Das Copyright f\u00fcr Texte und Bilder liegt, soweit nicht anders vermerkt, beim Verein &#8222;Die Transporteure &#8211; Hilfe f\u00fcr Menschen in Not e.V.&#8220;. <br>Auf der Webseite zur Verf\u00fcgung gestellte Texte, Textteile, Grafiken,  Tabellen oder Bildmaterialien d\u00fcrfen ohne vorherige Zustimmung des  Vereins &#8222;Die Transporteure &#8211; Hilfe f\u00fcr Menschen in Not e.V.&#8220; nicht  vervielf\u00e4ltigt, nicht verbreitet und nicht ausgestellt werden.<br><br><strong>Rechtswirksamkeit dieses Haftungsausschlusses<\/strong><br><br>Dieser Haftungsausschluss ist als Teil des Internetangebotes zu betrachten, von dem aus auf diese Seite verwiesen wurde. Sofern Teile oder einzelne Formulierungen dieses Textes der geltenden Rechtslage nicht, nicht mehr oder nicht vollst\u00e4ndig entsprechen sollten, bleiben die \u00fcbrigen Teile des Dokumentes in ihrem Inhalt und ihrer G\u00fcltigkeit davon unber\u00fchrt. <\/p>\n","protected":false},"excerpt":{"rendered":"<p>Die Inhalte der Internet-Seiten des Vereins &#8222;Die Transporteure \u2013 Hilfe f\u00fcr Menschen in Not e.V.&#8220; sollen den Zugang der \u00d6ffentlichkeit zu Informationen und aktuellen Nachrichten des Vereins erleichtern und insbesondere den Vereinsmitgliedern die M\u00f6glichkeit geben, sich umfangreich \u00fcber den Verein &#8222;Die Transporteure \u2013 Hilfe f\u00fcr Menschen in Not e.V.&#8220; zu informieren. Auf die Richtigkeit, Aktualit\u00e4t, [&hellip;]<\/p>\n","protected":false},"author":2,"featured_media":0,"parent":0,"menu_order":0,"comment_status":"closed","ping_status":"closed","template":"","meta":{"footnotes":""},"class_list":["post-462","page","type-page","status-publish","hentry"],"_links":{"self":[{"href":"https:\/\/www.die-transporteure-siegen.de\/index.php?rest_route=\/wp\/v2\/pages\/462","targetHints":{"allow":["GET"]}}],"collection":[{"href":"https:\/\/www.die-transporteure-siegen.de\/index.php?rest_route=\/wp\/v2\/pages"}],"about":[{"href":"https:\/\/www.die-transporteure-siegen.de\/index.php?rest_route=\/wp\/v2\/types\/page"}],"author":[{"embeddable":true,"href":"https:\/\/www.die-transporteure-siegen.de\/index.php?rest_route=\/wp\/v2\/users\/2"}],"replies":[{"embeddable":true,"href":"https:\/\/www.die-transporteure-siegen.de\/index.php?rest_route=%2Fwp%2Fv2%2Fcomments&post=462"}],"version-history":[{"count":4,"href":"https:\/\/www.die-transporteure-siegen.de\/index.php?rest_route=\/wp\/v2\/pages\/462\/revisions"}],"predecessor-version":[{"id":466,"href":"https:\/\/www.die-transporteure-siegen.de\/index.php?rest_route=\/wp\/v2\/pages\/462\/revisions\/466"}],"wp:attachment":[{"href":"https:\/\/www.die-transporteure-siegen.de\/index.php?rest_route=%2Fwp%2Fv2%2Fmedia&parent=462"}],"curies":[{"name":"wp","href":"https:\/\/api.w.org\/{rel}","templated":true}]}}