{"id":62,"date":"2010-04-23T07:55:02","date_gmt":"2010-04-23T07:55:02","guid":{"rendered":"http:\/\/www.die-transporteure-siegen.de\/?page_id=62"},"modified":"2019-05-10T14:11:25","modified_gmt":"2019-05-10T13:11:25","slug":"impressum","status":"publish","type":"page","link":"https:\/\/www.die-transporteure-siegen.de\/?page_id=62","title":{"rendered":"Impressum"},"content":{"rendered":"<p><strong>Verantwortlich f\u00fcr diese Website:<br \/>\n<\/strong>Die Transporteure &#8211; Hilfe f\u00fcr Menschen in Not e.V.<br \/>\nMorleystra\u00dfe 2 &#8211; 6<br \/>\n57072 Siegen<\/p>\n<p><strong>Vorstand:<\/strong><br \/>\nDirk Sch\u00f6ps (Vorsitzender)<br \/>\nHeike\u00a0Wagner (1. stv. Vorsitzende)<br \/>\nChrista Amos (2. stv. Vorsitzende)<br \/>\nAchim Krugmann<br \/>\nReiner Senner<\/p>\n<p><strong>Ehrenvorsitzender:<br \/>\n<\/strong>Michael Kahm<\/p>\n<p><strong>Kontakt:<\/strong><br \/>\nTelefon: 0271 596-5401<br \/>\nTelefax: 0271 596-95401<br \/>\nE-Mail-Adresse: <a href=\"mailto:info@die-transporteure-siegen.de\">info@die-transporteure-siegen.de<\/a><\/p>\n","protected":false},"excerpt":{"rendered":"<p>Verantwortlich f\u00fcr diese Website: Die Transporteure &#8211; Hilfe f\u00fcr Menschen in Not e.V. Morleystra\u00dfe 2 &#8211; 6 57072 Siegen Vorstand: Dirk Sch\u00f6ps (Vorsitzender) Heike\u00a0Wagner (1. stv. Vorsitzende) Christa Amos (2. stv. Vorsitzende) Achim Krugmann Reiner Senner Ehrenvorsitzender: Michael Kahm Kontakt: Telefon: 0271 596-5401 Telefax: 0271 596-95401 E-Mail-Adresse: info@die-transporteure-siegen.de<\/p>\n","protected":false},"author":1,"featured_media":0,"parent":0,"menu_order":6,"comment_status":"closed","ping_status":"closed","template":"","meta":{"footnotes":""},"class_list":["post-62","page","type-page","status-publish","hentry"],"_links":{"self":[{"href":"https:\/\/www.die-transporteure-siegen.de\/index.php?rest_route=\/wp\/v2\/pages\/62","targetHints":{"allow":["GET"]}}],"collection":[{"href":"https:\/\/www.die-transporteure-siegen.de\/index.php?rest_route=\/wp\/v2\/pages"}],"about":[{"href":"https:\/\/www.die-transporteure-siegen.de\/index.php?rest_route=\/wp\/v2\/types\/page"}],"author":[{"embeddable":true,"href":"https:\/\/www.die-transporteure-siegen.de\/index.php?rest_route=\/wp\/v2\/users\/1"}],"replies":[{"embeddable":true,"href":"https:\/\/www.die-transporteure-siegen.de\/index.php?rest_route=%2Fwp%2Fv2%2Fcomments&post=62"}],"version-history":[{"count":22,"href":"https:\/\/www.die-transporteure-siegen.de\/index.php?rest_route=\/wp\/v2\/pages\/62\/revisions"}],"predecessor-version":[{"id":480,"href":"https:\/\/www.die-transporteure-siegen.de\/index.php?rest_route=\/wp\/v2\/pages\/62\/revisions\/480"}],"wp:attachment":[{"href":"https:\/\/www.die-transporteure-siegen.de\/index.php?rest_route=%2Fwp%2Fv2%2Fmedia&parent=62"}],"curies":[{"name":"wp","href":"https:\/\/api.w.org\/{rel}","templated":true}]}}