{"id":70,"date":"2010-04-23T08:09:31","date_gmt":"2010-04-23T08:09:31","guid":{"rendered":"http:\/\/www.die-transporteure-siegen.de\/?page_id=70"},"modified":"2022-03-14T09:20:58","modified_gmt":"2022-03-14T07:20:58","slug":"chronik","status":"publish","type":"page","link":"https:\/\/www.die-transporteure-siegen.de\/?page_id=70","title":{"rendered":"Historie"},"content":{"rendered":"\n<p><strong>&#8222;(\u00fcber) 30 Jahre in 5 Minuten&#8230;&#8220;<\/strong><br><br><strong>Hilferufe aus dem Chaos&#8230;<\/strong><\/p>\n\n\n\n<p>Rum\u00e4nien 1989: Chaos, Volksaufstand und Not. Der radikale Diktator Ceausescu wird am 25. De\u00ad\u00ad\u00adzem\u00ad\u00ad\u00adber 1989 hingerichtet. Das Land ist am Boden. Schnell verbreitet sich die Nachricht, in welch er\u00adschreckend armen Verh\u00e4ltnissen die Bev\u00f6l\u00adke\u00adrung lebt.<\/p>\n\n\n\n<p>Ein Mitarbeiter der Sparkasse Siegen mit Wurzeln in Rum\u00e4nien informiert uns Kollegen mit gro\u00dfer Sorge und bittet um Unterst\u00fctzung f\u00fcr seine alte Heimat. Nach einem Spendenaufruf durch den Personalrat der Sparkasse Siegen gelingt es uns mit viel Elan, Hilfsbereitschaft und Improvisation, schon im Januar 1990 den ersten LKW-Hilfstransport mit Lebensmitteln, Kindernahrung, Medikamenten und Kleidung auf die lange Reise nach S\u00fcdosteuropa zu schicken.&nbsp;&nbsp;&nbsp;&nbsp;&nbsp;&nbsp;&nbsp;&nbsp;&nbsp; &nbsp;<br><br>Die Lastwagen kommen aus dem Siegerland, heimische Spediteure (Kunden unserer Sparkasse) stellen sie uns kostenlos (!) \u2013 sp\u00e4ter immer \u00fcber die Osterfeiertage &#8211; zur Verf\u00fcgung. Wir legen die Krawatten ab und machen uns auf den Weg nach Siebenb\u00fcrgen in Rum\u00e4nien. Die voll beladenen 7,5-Tonner steuern wir selbst ans Ziel \u2013 h\u00e4ufig das erste Mal auf einem LKW sitzend&#8230;&nbsp;&nbsp;&nbsp;<br><br>Die ersten Besuche sind gepr\u00e4gt von unsys\u00adtematischer Soforthilfe. Kleider, Medikamente und Lebensmittel werden uns \u201eTransporteuren\u201c aus den H\u00e4nden gerissen \u2013 eine nachhaltige Erfahrung f\u00fcr alle Helfenden, die solch dramatische Situationen nie erwartet h\u00e4tten. Wir sp\u00fcren, dass zwischen Deutschland und Rum\u00e4nien zwei Welten liegen&#8230;<br><br>In unserer Mitarbeiterzeitung schreibt 1990 einer von uns: \u201eEs war ber\u00fchrend, erschreckend und sch\u00f6n zugleich. Wir konnten Menschen helfen, die Not leiden, die wir gar nicht kennen.<\/p>\n\n\n\n<p>Vielleicht war es ja nicht die letzte Tour\u2026\u201c<br><br>Die komplette Historie der &#8222;Transporteure&#8220; als Flyer zum Download gibt es <a href=\"https:\/\/www.die-transporteure-siegen.de\/wp-content\/uploads\/Flyer_Homepage_30-Jahre-in-5-Minuten.pdf\" target=\"_blank\" rel=\"noreferrer noopener\">hier<\/a>.<\/p>\n","protected":false},"excerpt":{"rendered":"<p>&#8222;(\u00fcber) 30 Jahre in 5 Minuten&#8230;&#8220; Hilferufe aus dem Chaos&#8230; Rum\u00e4nien 1989: Chaos, Volksaufstand und Not. Der radikale Diktator Ceausescu wird am 25. De\u00ad\u00ad\u00adzem\u00ad\u00ad\u00adber 1989 hingerichtet. Das Land ist am Boden. Schnell verbreitet sich die Nachricht, in welch er\u00adschreckend armen Verh\u00e4ltnissen die Bev\u00f6l\u00adke\u00adrung lebt. Ein Mitarbeiter der Sparkasse Siegen mit Wurzeln in Rum\u00e4nien informiert uns [&hellip;]<\/p>\n","protected":false},"author":1,"featured_media":0,"parent":0,"menu_order":2,"comment_status":"closed","ping_status":"closed","template":"","meta":{"footnotes":""},"class_list":["post-70","page","type-page","status-publish","hentry"],"_links":{"self":[{"href":"https:\/\/www.die-transporteure-siegen.de\/index.php?rest_route=\/wp\/v2\/pages\/70","targetHints":{"allow":["GET"]}}],"collection":[{"href":"https:\/\/www.die-transporteure-siegen.de\/index.php?rest_route=\/wp\/v2\/pages"}],"about":[{"href":"https:\/\/www.die-transporteure-siegen.de\/index.php?rest_route=\/wp\/v2\/types\/page"}],"author":[{"embeddable":true,"href":"https:\/\/www.die-transporteure-siegen.de\/index.php?rest_route=\/wp\/v2\/users\/1"}],"replies":[{"embeddable":true,"href":"https:\/\/www.die-transporteure-siegen.de\/index.php?rest_route=%2Fwp%2Fv2%2Fcomments&post=70"}],"version-history":[{"count":8,"href":"https:\/\/www.die-transporteure-siegen.de\/index.php?rest_route=\/wp\/v2\/pages\/70\/revisions"}],"predecessor-version":[{"id":588,"href":"https:\/\/www.die-transporteure-siegen.de\/index.php?rest_route=\/wp\/v2\/pages\/70\/revisions\/588"}],"wp:attachment":[{"href":"https:\/\/www.die-transporteure-siegen.de\/index.php?rest_route=%2Fwp%2Fv2%2Fmedia&parent=70"}],"curies":[{"name":"wp","href":"https:\/\/api.w.org\/{rel}","templated":true}]}}